{"id":2436,"date":"2020-05-15T16:22:52","date_gmt":"2020-05-15T16:22:52","guid":{"rendered":"http:\/\/www.cuadrosoliva.es\/wpcuadrosoliva\/?page_id=2436"},"modified":"2025-09-01T11:05:19","modified_gmt":"2025-09-01T11:05:19","slug":"ficha-inscripcion","status":"publish","type":"page","link":"https:\/\/www.cuadrosoliva.es\/wpcuadrosoliva\/ficha-inscripcion\/","title":{"rendered":"Ficha de Inscripci\u00f3n"},"content":{"rendered":"\t\t<div data-elementor-type=\"wp-page\" data-elementor-id=\"2436\" class=\"elementor elementor-2436\" data-elementor-post-type=\"page\">\n\t\t\t\t\t\t<section class=\"elementor-section elementor-top-section elementor-element elementor-element-3b26144 elementor-hidden-mobile elementor-section-boxed elementor-section-height-default elementor-section-height-default\" data-id=\"3b26144\" data-element_type=\"section\" data-e-type=\"section\">\n\t\t\t\t\t\t<div class=\"elementor-container elementor-column-gap-default\">\n\t\t\t\t\t<div class=\"elementor-column elementor-col-100 elementor-top-column elementor-element elementor-element-38caa9b\" data-id=\"38caa9b\" data-element_type=\"column\" data-e-type=\"column\">\n\t\t\t<div class=\"elementor-widget-wrap elementor-element-populated\">\n\t\t\t\t\t\t<div class=\"elementor-element elementor-element-c776ffd elementor-widget elementor-widget-heading\" data-id=\"c776ffd\" data-element_type=\"widget\" data-e-type=\"widget\" data-widget_type=\"heading.default\">\n\t\t\t\t<div class=\"elementor-widget-container\">\n\t\t\t\t\t<h2 class=\"elementor-heading-title elementor-size-default\">FICHA DE INSCRIPCI\u00d3N<\/h2>\t\t\t\t<\/div>\n\t\t\t\t<\/div>\n\t\t\t\t<div class=\"elementor-element elementor-element-4850a09 elementor-widget elementor-widget-text-editor\" data-id=\"4850a09\" data-element_type=\"widget\" data-e-type=\"widget\" data-widget_type=\"text-editor.default\">\n\t\t\t\t<div class=\"elementor-widget-container\">\n\t\t\t\t\t\t\t\t\t<p>FORMA DE PAGO: RECIBO DOMICILIADO.<\/p>\n<p>\u00a0 La forma de pago es a trav\u00e9s de domiciliaci\u00f3n bancaria. El cargo se realizar\u00e1 el d\u00eda 5 de cada mes. En caso de que el recibo sea devuelto, los gastos por devoluci\u00f3n del mismo correr\u00e1n a cargo del alumno, pasando a ser abonados en el mismo mes.<\/p>\n<p>El n\u00famero de cuenta (n\u00famero IBAN) se facilitar\u00e1 al correo electr\u00f3nico: <strong>araceliexposito@cuadrosoliva.es, <\/strong>el mismo d\u00eda del inicio de las clases.<\/p>\n<p><strong>*POR FAVOR, se ruega rellenar los campos OBLIGATORIOS COMPLETOS*<\/strong><\/p>\t\t\t\t\t\t\t\t<\/div>\n\t\t\t\t<\/div>\n\t\t\t\t\t<\/div>\n\t\t<\/div>\n\t\t\t\t\t<\/div>\n\t\t<\/section>\n\t\t\t\t<section class=\"elementor-section elementor-top-section elementor-element elementor-element-f1a1a54 elementor-hidden-desktop elementor-hidden-tablet elementor-section-boxed elementor-section-height-default elementor-section-height-default\" data-id=\"f1a1a54\" data-element_type=\"section\" data-e-type=\"section\">\n\t\t\t\t\t\t<div class=\"elementor-container elementor-column-gap-default\">\n\t\t\t\t\t<div class=\"elementor-column elementor-col-100 elementor-top-column elementor-element elementor-element-8d214de\" data-id=\"8d214de\" data-element_type=\"column\" data-e-type=\"column\">\n\t\t\t<div class=\"elementor-widget-wrap elementor-element-populated\">\n\t\t\t\t\t\t<div class=\"elementor-element elementor-element-b73eff9 elementor-widget elementor-widget-heading\" data-id=\"b73eff9\" data-element_type=\"widget\" data-e-type=\"widget\" data-widget_type=\"heading.default\">\n\t\t\t\t<div class=\"elementor-widget-container\">\n\t\t\t\t\t<h2 class=\"elementor-heading-title elementor-size-default\">FICHA DE INSCRIPCI\u00d3N<\/h2>\t\t\t\t<\/div>\n\t\t\t\t<\/div>\n\t\t\t\t<div class=\"elementor-element elementor-element-94a1515 elementor-widget elementor-widget-text-editor\" data-id=\"94a1515\" data-element_type=\"widget\" data-e-type=\"widget\" data-widget_type=\"text-editor.default\">\n\t\t\t\t<div class=\"elementor-widget-container\">\n\t\t\t\t\t\t\t\t\t<p>FORMA DE PAGO: RECIBO DOMICILIADO.<\/p>\n<p>\u00a0 La forma de pago es a trav\u00e9s de domiciliaci\u00f3n bancaria. El cargo se realizar\u00e1 el d\u00eda 5 de cada mes. En caso de que el recibo sea devuelto, los gastos por devoluci\u00f3n del mismo correr\u00e1n a cargo del alumno, pasando a ser abonados en el mismo mes.<\/p>\n<p>El n\u00famero de cuenta (n\u00famero IBAN) se facilitar\u00e1 al correo electr\u00f3nico: <strong>araceliexposito@cuadrosoliva.es, <\/strong>el mismo d\u00eda del inicio de las clases.<\/p>\n<p><strong>*POR FAVOR, se ruega rellenar los campos OBLIGATORIOS COMPLETOS*<\/strong><\/p>\t\t\t\t\t\t\t\t<\/div>\n\t\t\t\t<\/div>\n\t\t\t\t\t<\/div>\n\t\t<\/div>\n\t\t\t\t\t<\/div>\n\t\t<\/section>\n\t\t\t\t<section class=\"elementor-section elementor-top-section elementor-element elementor-element-29fb98de elementor-section-boxed elementor-section-height-default elementor-section-height-default\" data-id=\"29fb98de\" data-element_type=\"section\" data-e-type=\"section\" data-settings=\"{&quot;background_background&quot;:&quot;gradient&quot;}\">\n\t\t\t\t\t\t<div class=\"elementor-container elementor-column-gap-default\">\n\t\t\t\t\t<div class=\"elementor-column elementor-col-100 elementor-top-column elementor-element elementor-element-4a282d9e\" data-id=\"4a282d9e\" data-element_type=\"column\" data-e-type=\"column\" data-settings=\"{&quot;background_background&quot;:&quot;gradient&quot;}\">\n\t\t\t<div class=\"elementor-widget-wrap elementor-element-populated\">\n\t\t\t\t\t\t<div class=\"elementor-element elementor-element-331f4c9f elementor-widget elementor-widget-text-editor\" data-id=\"331f4c9f\" data-element_type=\"widget\" data-e-type=\"widget\" data-widget_type=\"text-editor.default\">\n\t\t\t\t<div class=\"elementor-widget-container\">\n\t\t\t\t\t\t\t\t\t<p>\u00a0<\/p>\n<div class=\"wpforms-container wpforms-container-full\" id=\"wpforms-2432\">\n<form id=\"wpforms-form-2432\" class=\"wpforms-validate wpforms-form\" data-formid=\"2432\" method=\"post\" enctype=\"multipart\/form-data\" action=\"\/wpcuadrosoliva\/wp-json\/wp\/v2\/pages\/2436\" data-token=\"e48ea0a0ff817370b94bccec84eeef0e\" data-token-time=\"1775646486\"><noscript class=\"wpforms-error-noscript\">Por favor, activa JavaScript en tu navegador para completar este formulario.<\/noscript><\/p>\n<div class=\"wpforms-field-container\">\n<div id=\"wpforms-2432-field_0-container\" class=\"wpforms-field wpforms-field-name\" data-field-id=\"0\"><label class=\"wpforms-field-label\">NOMBRE Y APELLIDOS <span class=\"wpforms-required-label\">*<\/span><\/label><\/p>\n<div class=\"wpforms-field-row wpforms-field-medium\">\n<div class=\"wpforms-field-row-block wpforms-first wpforms-one-half\"><input type=\"text\" id=\"wpforms-2432-field_0\" class=\"wpforms-field-name-first wpforms-field-required\" name=\"wpforms[fields][0][first]\" required><label for=\"wpforms-2432-field_0\" class=\"wpforms-field-sublabel after\">Nombre<\/label><\/div>\n<div class=\"wpforms-field-row-block wpforms-one-half\"><input type=\"text\" id=\"wpforms-2432-field_0-last\" class=\"wpforms-field-name-last wpforms-field-required\" name=\"wpforms[fields][0][last]\" required><label for=\"wpforms-2432-field_0-last\" class=\"wpforms-field-sublabel after\">Apellidos<\/label><\/div>\n<\/div>\n<\/div>\n<div id=\"wpforms-2432-field_3-container\" class=\"wpforms-field wpforms-field-text\" data-field-id=\"3\"><label class=\"wpforms-field-label\" for=\"wpforms-2432-field_3\">Fecha de nacimiento <span class=\"wpforms-required-label\">*<\/span><\/label><input type=\"text\" id=\"wpforms-2432-field_3\" class=\"wpforms-field-small wpforms-field-required\" name=\"wpforms[fields][3]\" required><\/div>\n<div id=\"wpforms-2432-field_4-container\" class=\"wpforms-field wpforms-field-name\" data-field-id=\"4\"><label class=\"wpforms-field-label\">NOMBRE PADRE\/ MADRE O TUTOR &quot; Rellenar solo en caso de menores de edad&quot;<\/label><\/p>\n<div class=\"wpforms-field-row wpforms-field-medium\">\n<div class=\"wpforms-field-row-block wpforms-first wpforms-one-half\"><input type=\"text\" id=\"wpforms-2432-field_4\" class=\"wpforms-field-name-first\" name=\"wpforms[fields][4][first]\" ><label for=\"wpforms-2432-field_4\" class=\"wpforms-field-sublabel after\">Nombre<\/label><\/div>\n<div class=\"wpforms-field-row-block wpforms-one-half\"><input type=\"text\" id=\"wpforms-2432-field_4-last\" class=\"wpforms-field-name-last\" name=\"wpforms[fields][4][last]\" ><label for=\"wpforms-2432-field_4-last\" class=\"wpforms-field-sublabel after\">Apellidos<\/label><\/div>\n<\/div>\n<\/div>\n<div id=\"wpforms-2432-field_5-container\" class=\"wpforms-field wpforms-field-text\" data-field-id=\"5\"><label class=\"wpforms-field-label\" for=\"wpforms-2432-field_5\">Direcci\u00f3n <span class=\"wpforms-required-label\">*<\/span><\/label><input type=\"text\" id=\"wpforms-2432-field_5\" class=\"wpforms-field-medium wpforms-field-required\" name=\"wpforms[fields][5]\" required><\/p>\n<div class=\"wpforms-field-description\">Por favor, es muy importante que la direcci\u00f3n est\u00e9 COMPLETA.<\/div>\n<\/div>\n<div id=\"wpforms-2432-field_6-container\" class=\"wpforms-field wpforms-field-name\" data-field-id=\"6\"><label class=\"wpforms-field-label\" for=\"wpforms-2432-field_6\">Codigo Postal \/ Localidad <span class=\"wpforms-required-label\">*<\/span><\/label><\/p>\n<div class=\"wpforms-field-row wpforms-field-medium\">\n<div class=\"wpforms-field-row-block wpforms-first wpforms-one-half\"><input type=\"text\" id=\"wpforms-2432-field_6\" class=\"wpforms-field-name-first wpforms-field-required\" name=\"wpforms[fields][6][first]\" required><label for=\"wpforms-2432-field_6\" class=\"wpforms-field-sublabel after wpforms-sublabel-hide\">Nombre<\/label><\/div>\n<div class=\"wpforms-field-row-block wpforms-one-half\"><input type=\"text\" id=\"wpforms-2432-field_6-last\" class=\"wpforms-field-name-last wpforms-field-required\" name=\"wpforms[fields][6][last]\" required><label for=\"wpforms-2432-field_6-last\" class=\"wpforms-field-sublabel after wpforms-sublabel-hide\">Apellidos<\/label><\/div>\n<\/div>\n<\/div>\n<div id=\"wpforms-2432-field_1-container\" class=\"wpforms-field wpforms-field-email\" data-field-id=\"1\"><label class=\"wpforms-field-label\" for=\"wpforms-2432-field_1\">Correo electr\u00f3nico <span class=\"wpforms-required-label\">*<\/span><\/label><input type=\"email\" id=\"wpforms-2432-field_1\" class=\"wpforms-field-medium wpforms-field-required\" name=\"wpforms[fields][1]\" spellcheck=\"false\" required><\/div>\n<div id=\"wpforms-2432-field_7-container\" class=\"wpforms-field wpforms-field-name\" data-field-id=\"7\"><label class=\"wpforms-field-label\" for=\"wpforms-2432-field_7\">Tel\u00e9fono Fijo \/ Tel\u00e9fono M\u00f3vil <span class=\"wpforms-required-label\">*<\/span><\/label><input type=\"text\" id=\"wpforms-2432-field_7\" class=\"wpforms-field-medium wpforms-field-required\" name=\"wpforms[fields][7]\" required><\/div>\n<div id=\"wpforms-2432-field_10-container\" class=\"wpforms-field wpforms-field-checkbox\" data-field-id=\"10\"><label class=\"wpforms-field-label\">Casillas de verificaci\u00f3n <span class=\"wpforms-required-label\">*<\/span><\/label><\/p>\n<ul id=\"wpforms-2432-field_10\" class=\"wpforms-field-required\">\n<li class=\"choice-1 depth-1\"><input type=\"checkbox\" id=\"wpforms-2432-field_10_1\" name=\"wpforms[fields][10][]\" value=\"ESTOY DE ACUERDO CON NORMATIVA DE ESCUELA DIBUJO Y PINTURA CUADROSOLIVA\" required ><label class=\"wpforms-field-label-inline\" for=\"wpforms-2432-field_10_1\">ESTOY DE ACUERDO CON NORMATIVA DE ESCUELA DIBUJO Y PINTURA CUADROSOLIVA<\/label><\/li>\n<\/ul>\n<div class=\"wpforms-field-description\">Para hacer un buen uso de las instalaciones de la Escuela, a continuaci\u00f3n pasamos a detallar la siguiente normativa:<br \/>\n1) La matr\u00edcula, para el curso en vigor, se abonar\u00e1 en el momento de la inscripci\u00f3n. Ser\u00e1 v\u00e1lida para todo el curso<br \/>\na excepci\u00f3n de:<br \/>\n&#8211; que el alumno cause baja, por lo que el derecho a matricula y plaza, quedar\u00e1 extinguido en ese mismo momento,<br \/>\nteniendo que renovar nuevamente la matricula si quisiera incorporarse en un futuro, dentro del curso.<br \/>\n2) El recibo mensual se abonar\u00e1 el d\u00eda 5 del mes vigente a trav\u00e9s de domiciliaci\u00f3n bancaria.<br \/>\n&#8211; Si el pago del recibo domiciliado es devuelto, el alumno correr\u00e1 con los gastos de devoluci\u00f3n. El coste de<br \/>\ndevoluci\u00f3n es de 3,50.-\u20ac.<br \/>\n&#8211; Si la devoluci\u00f3n del recibo conlleva un retraso en el abono del mismo, se cargar\u00e1 adem\u00e1s un 10% de la cuota mensual<br \/>\ncomo penalizaci\u00f3n.<br \/>\n&#8211; El impago de un mes, significar\u00e1 la baja autom\u00e1tica del alumno.<br \/>\n&#8211; La Escuela se reserva el derecho de admisi\u00f3n en alumnos con impagos.<br \/>\n3) Las clases son recuperables por cortes\u00eda de la Escuela, es decir:<br \/>\n&#8211; En ning\u00fan caso, hay obligaci\u00f3n por parte de la Escuela a dar clase a un alumno que haya faltado.<br \/>\n&#8211; Las clases que se tuvieran que recuperar se har\u00e1n dentro de un orden y nunca de un mes para otro.<br \/>\n&#8211; Las clases se recuperar\u00e1n siempre que la Escuela tenga sitio libre y el alumno haya avisado con antelaci\u00f3n.<br \/>\n&#8211; Los d\u00edas festivos, no son recuperables.<br \/>\n&#8211; El periodo vacacional lo marca la Escuela.<br \/>\n4) La Escuela no se hace responsable del material u objetos personales que se rompan, deterioren o extrav\u00eden<br \/>\ndentro de las instalaciones. Cada alumno es responsable de su material y de sus enseres.\n<\/div>\n<\/div>\n<div id=\"wpforms-2432-field_2-container\" class=\"wpforms-field wpforms-field-textarea\" data-field-id=\"2\"><label class=\"wpforms-field-label\" for=\"wpforms-2432-field_2\">Comentario o mensaje<\/label><textarea id=\"wpforms-2432-field_2\" class=\"wpforms-field-medium\" name=\"wpforms[fields][2]\" ><\/textarea><\/div>\n<div id=\"wpforms-2432-field_12-container\" class=\"wpforms-field wpforms-field-checkbox\" data-field-id=\"12\">\n<ul id=\"wpforms-2432-field_12\">\n<li class=\"choice-1 depth-1\"><input type=\"checkbox\" id=\"wpforms-2432-field_12_1\" name=\"wpforms[fields][12][]\" value=\"No deseo recibir env\u00edo de comunicaciones electr\u00f3nicas informativas relativas a las actividades, productos o servicios por correo electr\u00f3nico, postal o fax\"  ><label class=\"wpforms-field-label-inline\" for=\"wpforms-2432-field_12_1\">No deseo recibir env\u00edo de comunicaciones electr\u00f3nicas informativas relativas a las actividades, productos o servicios por correo electr\u00f3nico, postal o fax<\/label><\/li>\n<\/ul>\n<div class=\"wpforms-field-description\">INFORMACI\u00d3N B\u00c1SICA SOBRE DATOS CONFORME AL NUEVO REGLAMENTO EUROPEO<br \/>\nRESPONSABLE: JUAN DIEGO OLIVA GARC\u00cdA<br \/>\nFINALIDAD PRINCIPAL: GESTI\u00d3N DE LA SUSCRIPCI\u00d3N<br \/>\nLEGITIMACI\u00d3N: CONSENTIMIENTO DEL INTERESADO<br \/>\nDESTINATARIOS: NO SE CEDER\u00c1N DATOS A TERCEROS, SALVO AUTORIZACI\u00d3N EXPRESA U OBLIGACI\u00d3N LEGAL<br \/>\nDERECHOS: ACCEDER, RECTIFICAR Y SUPRIMIR LOS DATOS, PORTABILIDAD DE LOS DATOS, LIMITACI\u00d3N U OPOSICI\u00d3N A<br \/>\nSU TRATAMIENTO, TRANSPARENCIA Y DERECHO A NO SER OBJETO DE DECISIONES AUTOMATIZADAS.<br \/>\nINFORMACI\u00d3N ADICIONAL: PUEDE CONSULTAR LA INFORMACI\u00d3N ADICIONAL Y DETALLADA SOBRE NUESTRA POL\u00cdTICA DE PRIVACIDAD<br \/>\nEN WWW.CUADROSOLIVA.ES DATA PROTECTION OFFICER (DPO): GRUPO ADAPTALIA LEGAL \u2013 FORMATIVO S.L.+34 91553 34 08<br \/>\nLEGAL@GRUPOADAPTALIA.ES\n<\/div>\n<\/div>\n<\/div>\n<p><!-- .wpforms-field-container --><\/p>\n<div class=\"wpforms-field wpforms-field-hp\"><label for=\"wpforms-2432-field-hp\" class=\"wpforms-field-label\">Comment<\/label><input type=\"text\" name=\"wpforms[hp]\" id=\"wpforms-2432-field-hp\" class=\"wpforms-field-medium\"><\/div>\n<div class=\"wpforms-submit-container\" ><input type=\"hidden\" name=\"wpforms[id]\" value=\"2432\"><input type=\"hidden\" name=\"page_title\" value=\"\"><input type=\"hidden\" name=\"page_url\" value=\"https:\/\/www.cuadrosoliva.es\/wpcuadrosoliva\/wp-json\/wp\/v2\/pages\/2436\"><input type=\"hidden\" name=\"url_referer\" value=\"\"><button type=\"submit\" name=\"wpforms[submit]\" id=\"wpforms-submit-2432\" class=\"wpforms-submit\" data-alt-text=\"Enviando...\" data-submit-text=\"Enviar\" aria-live=\"assertive\" value=\"wpforms-submit\">Enviar<\/button><\/div>\n<\/form>\n<\/div>\n<p>  <!-- .wpforms-container --><\/p>\n\n<p>\u00a0<\/p>\n\t\t\t\t\t\t\t\t<\/div>\n\t\t\t\t<\/div>\n\t\t\t\t\t<\/div>\n\t\t<\/div>\n\t\t\t\t\t<\/div>\n\t\t<\/section>\n\t\t\t\t<\/div>\n\t\t","protected":false},"excerpt":{"rendered":"<p>FICHA DE INSCRIPCI\u00d3N FORMA DE PAGO: RECIBO DOMICILIADO. \u00a0 La forma de pago es a trav\u00e9s de domiciliaci\u00f3n bancaria. El cargo se realizar\u00e1 el d\u00eda 5 de cada mes. En caso de que el recibo sea devuelto, los gastos por devoluci\u00f3n del mismo correr\u00e1n a cargo del alumno, pasando a ser abonados en el mismo [&hellip;]<\/p>\n","protected":false},"author":1,"featured_media":0,"parent":0,"menu_order":0,"comment_status":"closed","ping_status":"closed","template":"","meta":{"footnotes":""},"class_list":["post-2436","page","type-page","status-publish","hentry"],"aioseo_notices":[],"_links":{"self":[{"href":"https:\/\/www.cuadrosoliva.es\/wpcuadrosoliva\/wp-json\/wp\/v2\/pages\/2436","targetHints":{"allow":["GET"]}}],"collection":[{"href":"https:\/\/www.cuadrosoliva.es\/wpcuadrosoliva\/wp-json\/wp\/v2\/pages"}],"about":[{"href":"https:\/\/www.cuadrosoliva.es\/wpcuadrosoliva\/wp-json\/wp\/v2\/types\/page"}],"author":[{"embeddable":true,"href":"https:\/\/www.cuadrosoliva.es\/wpcuadrosoliva\/wp-json\/wp\/v2\/users\/1"}],"replies":[{"embeddable":true,"href":"https:\/\/www.cuadrosoliva.es\/wpcuadrosoliva\/wp-json\/wp\/v2\/comments?post=2436"}],"version-history":[{"count":31,"href":"https:\/\/www.cuadrosoliva.es\/wpcuadrosoliva\/wp-json\/wp\/v2\/pages\/2436\/revisions"}],"predecessor-version":[{"id":3238,"href":"https:\/\/www.cuadrosoliva.es\/wpcuadrosoliva\/wp-json\/wp\/v2\/pages\/2436\/revisions\/3238"}],"wp:attachment":[{"href":"https:\/\/www.cuadrosoliva.es\/wpcuadrosoliva\/wp-json\/wp\/v2\/media?parent=2436"}],"curies":[{"name":"wp","href":"https:\/\/api.w.org\/{rel}","templated":true}]}}