{"id":2243,"date":"2018-05-25T07:06:55","date_gmt":"2018-05-25T07:06:55","guid":{"rendered":"http:\/\/www.cuadrosoliva.es\/wpcuadrosoliva\/?page_id=2243"},"modified":"2025-08-27T10:56:27","modified_gmt":"2025-08-27T10:56:27","slug":"aviso-legal-y-politica-de-privacidad","status":"publish","type":"page","link":"https:\/\/www.cuadrosoliva.es\/wpcuadrosoliva\/aviso-legal-y-politica-de-privacidad\/","title":{"rendered":"Aviso Legal y Pol\u00edtica de Privacidad"},"content":{"rendered":"\t\t<div data-elementor-type=\"wp-page\" data-elementor-id=\"2243\" class=\"elementor elementor-2243\" data-elementor-post-type=\"page\">\n\t\t\t\t\t\t<section class=\"elementor-section elementor-top-section elementor-element elementor-element-10b740f3 elementor-section-boxed elementor-section-height-default elementor-section-height-default\" data-id=\"10b740f3\" data-element_type=\"section\" data-e-type=\"section\">\n\t\t\t\t\t\t<div class=\"elementor-container elementor-column-gap-default\">\n\t\t\t\t\t<div class=\"elementor-column elementor-col-100 elementor-top-column elementor-element elementor-element-3a1b8bf7\" data-id=\"3a1b8bf7\" data-element_type=\"column\" data-e-type=\"column\">\n\t\t\t<div class=\"elementor-widget-wrap elementor-element-populated\">\n\t\t\t\t\t\t<div class=\"elementor-element elementor-element-7c5feff8 elementor-widget elementor-widget-text-editor\" data-id=\"7c5feff8\" data-element_type=\"widget\" data-e-type=\"widget\" data-widget_type=\"text-editor.default\">\n\t\t\t\t<div class=\"elementor-widget-container\">\n\t\t\t\t\t\t\t\t\t<p>AVISO LEGAL:<\/p><p>TITULAR: JUAN DIEGO OLIVA GARCIA | CIF: 53015450J | DOMICILIO SOCIAL: Calle Torrelaguna, 23, 28803, Alcal\u00e1 de Henares, MADRID |<\/p><p>CONTACTO: cuadrosoliva@cuadrosoliva.es<\/p><p>POL\u00cdTICA DE PRIVACIDAD<\/p><p>Siguiendo los principios de licitud, lealtad y transparencia, ponemos a su disposici\u00f3n la presente Pol\u00edtica de Privacidad.<\/p><p>\u00bfQui\u00e9n es el Responsable del tratamiento de sus datos?<\/p><p>JUAN DIEGO OLIVA GARCIA<\/p><p>CIF: 53015450J<\/p><p>DOMICILIO SOCIAL: CALLE TORRELAGUNA 23, 28803 ALCAL\u00c1 DE HENARES, MADRID Email: cuadrosoliva@cuadrosoliva.es<\/p><p>Datos del DPO: GRUPO ADAPTALIA \u2013 LEGAL FORMATIVO S.L. legal@grupoadaptalia.es 91 553 34 08<\/p><p>\u00bfCon qu\u00e9 finalidad tratamos sus datos personales?<\/p><p>En JUAN DIEGO OLIVA GARCIA tratamos la informaci\u00f3n que nos facilita con la finalidad de gestionar la relaci\u00f3n contractual que nos une, gestionar el env\u00edo de la informaci\u00f3n que nos solicita, facilitar a los interesados ofertas de nuestros servicios y\/o productos de su inter\u00e9s y\/o gestionar su candidatura.<\/p><p>\u00bfPor cu\u00e1nto tiempo conservaremos sus datos personales?<\/p><p>Sus datos, ser\u00e1n conservados el tiempo m\u00ednimo necesario para la correcta prestaci\u00f3n del servicio ofrecido as\u00ed como para atender las responsabilidades que se pudieran derivar del mismo y de cualquier otra exigencia legal.<\/p><p>\u00bfCu\u00e1l es la legitimaci\u00f3n para el tratamiento de sus datos?<\/p><p>La base legal para el tratamiento de sus datos personales puede ser la ejecuci\u00f3n de una relaci\u00f3n contractual potencial y\/o suscrita, el inter\u00e9s leg\u00edtimo, la habilitaci\u00f3n legal y\/o el consentimiento del propio interesado. Los datos que le solicitamos son adecuados, pertinentes y estrictamente necesarios y en ning\u00fan caso est\u00e1 obligado a facilit\u00e1rnoslos, pero su no comunicaci\u00f3n podr\u00e1 afectar a la finalidad del servicio o la imposibilidad de prestarlo.<\/p><p>\u00bfA qu\u00e9 destinatarios se comunicar\u00e1n sus datos?<\/p><p>JUAN DIEGO OLIVA GARCIA no comunicar\u00e1 sus datos a ning\u00fan tercero, salvo que se informe de ello expresamente.<\/p><p>\u00bfCu\u00e1les son sus derechos cuando nos facilita sus datos?<\/p><p>Los derechos de protecci\u00f3n de datos de los que son titulares los interesados son:<\/p><p>Derecho a solicitar el acceso a los datos personales relativos al interesado<\/p><p>Derecho de rectificaci\u00f3n o supresi\u00f3n<\/p><p>Derecho de oposici\u00f3n<\/p><p>Derecho a solicitar la limitaci\u00f3n de su tratamiento<\/p><p>Derecho a la portabilidad de los datos<\/p><p>Los titulares de los datos personales obtenidos, podr\u00e1n ejercer sus derechos de protecci\u00f3n de datos personales dirigiendo una comunicaci\u00f3n por escrito al domicilio social de JUAN DIEGO OLIVA GARCIA o al correo electr\u00f3nico habilitado a tal efecto, cuadrosoliva@cuadrosoliva.es incluyendo en ambos casos fotocopia de su<\/p><p>DNI u otro documento de identificaci\u00f3n equivalente. Modelos, formularios y m\u00e1s informaci\u00f3n disponible sobre sus derechos en la p\u00e1gina web de la autoridad de control nacional, Agencia Espa\u00f1ola de Protecci\u00f3n de Datos, en adelante, AEPD,<\/p><p>www.agpd.es<\/p><p>.<\/p><p>\u00bfPuedo retirar el consentimiento?<\/p><p>Usted tiene la posibilidad y el derecho a retirar el consentimiento para cualquiera finalidad espec\u00edfica otorgada en su momento, sin que ello afecte a la licitud del tratamiento basado en el consentimiento previo a su retirada.<\/p><p>\u00bfD\u00f3nde puedo reclamar en caso de que considere que no se tratan mis datos correctamente?<\/p><p>Si alg\u00fan interesado considera que sus datos no son tratados correctamente por JUAN DIEGO OLIVA GARCIA puede dirigir sus reclamaciones al correo cuadrosoliva@cuadrosoliva.es o a la autoridad de protecci\u00f3n de datos que corresponda, siendo la AEPD la indicada en el territorio nacional, www.agpd.es Seguridad y actualizaci\u00f3n de sus datos personales Con el objetivo de salvaguardar la seguridad de sus datos personales, le informamos que<\/p><p>JUAN DIEGO OLIVA GARCIA ha adoptado todas las medidas de \u00edndole t\u00e9cnica y organizativa necesarias para garantizar la seguridad de los datos personales suministrados. Todo ello para evitar su alteraci\u00f3n, p\u00e9rdida, y\/o tratamientos o accesos no autorizados, tal como exige la normativa, si bien la seguridad absoluta no existe.<\/p><p>Es importante que, para que podamos mantener sus datos personales actualizados, nos informe siempre que se produzca una modificaci\u00f3n de los mismos.<\/p><p>Confidencialidad JUAN DIEGO OLIVA GARCIA le informa que sus datos ser\u00e1n tratados con el m\u00e1ximo celo y confidencialidad por todo el personal que intervenga en<\/p><p>cualquiera de las fases del tratamiento. No cederemos ni comunicaremos a ning\u00fan tercero sus datos, excepto en los casos legalmente previstos, o salvo que el interesado nos hubiera autorizado expresamente.<\/p><p>COOKIES:<\/p><p>Esta web utiliza cookies propias y de terceros (si fuera el caso) para analizar su navegaci\u00f3n y ofrecerle un servicio m\u00e1s personalizado. Continuar navegando implica la aceptaci\u00f3n de nuestra Pol\u00edtica de Cookies: http:\/\/www.cuadrosoliva.es\/wpcuadrosoliva\/aviso-legal-y-politica-de-privacidad\/<\/p><p>\u00bfQu\u00e9 son las cookies?<\/p><p>La Web de JUAN DIEGO OLIVA GARCIA (en adelante la Web) utiliza Cookies. Las Cookies son ficheros enviados a un navegador por medio de un servidor web para registrar las actividades del Usuario en una web determinada. La primera finalidad de las Cookies es la de facilitar al usuario un acceso m\u00e1s r\u00e1pido a los servicios seleccionados. Adem\u00e1s, las Cookies personalizan los servicios que ofrece la Web, facilitando y ofreciendo a cada usuario informaci\u00f3n que es de su inter\u00e9s o que puede ser de su inter\u00e9s, en atenci\u00f3n al uso que realiza de los Servicios.<\/p><p>La Web utiliza Cookies para personalizar y facilitar al m\u00e1ximo la navegaci\u00f3n del usuario. Las Cookies se asocian \u00fanicamente a un usuario an\u00f3nimo y su ordenador y no proporcionan referencias que permitan deducir datos personales del usuario. El usuario podr\u00e1 configurar su navegador para que notifique y rechace la instalaci\u00f3n las Cookies enviadas por la Web, sin que ello<\/p><p>perjudique la posibilidad del usuario de acceder a los contenidos de dicha web. Sin embargo, le hacemos notar que, en todo caso, la calidad de funcionamiento de la p\u00e1gina Web puede disminuir. Los usuarios registrados, que se registren o que hayan iniciado sesi\u00f3n, podr\u00e1n beneficiarse de unos servicios m\u00e1s personalizados y orientados a su perfil, gracias a la combinaci\u00f3n de los datos almacenados en las cookies con los datos personales utilizados en el momento de su registro. Dichos usuarios autorizan expresamente el uso de esta informaci\u00f3n con la finalidad indicada, sin perjuicio de su derecho a rechazar o deshabilitar el uso de cookies.<\/p><p>Asimismo, la Web podr\u00e1 saber todos los servicios solicitados por los usuarios, de forma que podr\u00e1n facilitar u ofrecer informaci\u00f3n adecuada a los gustos y preferencias de cada usuario.<\/p><p>\u00bfQu\u00e9 tipos de cookies existen?<\/p><p>Las Cookies, en funci\u00f3n de su Permanencia, pueden dividirse en:<\/p><p>Cookies de sesi\u00f3n: Las primeras expiran cuando el usuario cierra el navegador.<\/p><p>Cookies persistentes: Las segundas expiran en funci\u00f3n de cuando se cumpla el objetivo para el que sirven (por ejemplo, para que el usuario se mantenga identificado en los Servicios) o bien cuando se borran manualmente.<\/p><p>Adicionalmente, en funci\u00f3n de su Objetivo, las Cookies pueden clasificarse de la siguiente forma:<\/p><p>Cookies de rendimiento: Este tipo de Cookie recuerda sus preferencias para las herramientas que se encuentran en los servicios, por lo que no tiene que volver a configurar el servicio cada vez que usted visita. A modo de ejemplo, en esta tipolog\u00eda se incluyen:<\/p><p>Ajustes de volumen de reproductores de v\u00eddeo o sonido.<\/p><p>Las velocidades de transmisi\u00f3n de v\u00eddeo que sean compatibles con su navegador.<\/p><p>Cookies de geo-localizaci\u00f3n: Estas Cookies son utilizadas para averiguar en qu\u00e9 pa\u00eds se encuentra cuando se solicita un servicio. Esta Cookie es totalmente an\u00f3nima, y s\u00f3lo se utiliza para ayudar a orientar el contenido a su ubicaci\u00f3n.<\/p><p>Cookies de registro: Las Cookies de registro se generan una vez que el usuario se ha registrado o posteriormente ha abierto su sesi\u00f3n, y se utilizan para identificarle en los servicios con los siguientes objetivos:<\/p><p>Mantener al usuario identificado de forma que, si cierra un servicio, el navegador o el ordenador y en otro momento u otro d\u00eda vuelve a entrar en dicho servicio, seguir\u00e1 identificado, facilitando as\u00ed su navegaci\u00f3n sin tener que volver a identificarse. Esta funcionalidad se puede suprimir si el usuario pulsa la funcionalidad \u201ccerrar sesi\u00f3n\u201d, de forma que esta Cookie se elimina y la pr\u00f3xima vez que entre en el servicio el usuario tendr\u00e1 que iniciar sesi\u00f3n para estar identificado.<\/p><p>Comprobar si el usuario est\u00e1 autorizado para acceder a ciertos servicios, por ejemplo, para participar en un concurso.<\/p><p>Cookies anal\u00edticas: Cada vez que un Usuario visita un servicio, una herramienta de un proveedor externo genera una Cookie anal\u00edtica en el ordenador del usuario. Esta Cookie que s\u00f3lo se genera en la visita, servir\u00e1 en pr\u00f3ximas visitas a los Servicios de la<\/p><p>Web para identificar de forma an\u00f3nima al visitante. Los objetivos principales que se persiguen son:<\/p><p>Permitir la identificaci\u00f3n an\u00f3nima de los usuarios navegantes a trav\u00e9s de la Cookie (identifica navegadores y dispositivos, no personas) y por lo tanto la contabilizaci\u00f3n aproximada del n\u00famero de visitantes y su tendencia en el tiempo.<\/p><p>Identificar de forma an\u00f3nima los contenidos m\u00e1s visitados y por lo tanto m\u00e1s atractivos para los usuarios.<\/p><p>Saber si el usuario que est\u00e1 accediendo es nuevo o repite visita.<\/p><p>Importante: Salvo que el usuario decida registrarse en un servicio de la Web la Cookie nunca ir\u00e1 asociada a ning\u00fan dato de car\u00e1cter personal que pueda identificarle. Dichas Cookies s\u00f3lo ser\u00e1n utilizadas con prop\u00f3sitos estad\u00edsticos que ayuden a la optimizaci\u00f3n de la experiencia de los Usuarios en el sitio.<\/p><p>Cookies de publicidad comportamental: Este tipo de Cookies permite ampliar la informaci\u00f3n de los anuncios mostrados a cada usuario an\u00f3nimo en los Servicios de la Web. Entre otros, se almacena la duraci\u00f3n o frecuencia de visualizaci\u00f3n de posiciones publicitarias, la interacci\u00f3n con las mismas, o los patrones de navegaci\u00f3n y\/o compartimientos del usuario ya que ayudan a conformar un perfil de inter\u00e9s publicitario. De este modo, permiten ofrecer publicidad af\u00edn a los intereses del usuario.<\/p><p>Cookies publicitarias de terceros: Adem\u00e1s de la publicidad gestionada por la Web en sus Servicios, la Web ofrece a sus anunciantes la opci\u00f3n de servir anuncios a trav\u00e9s de terceros (\u201cAdServers\u201d). De este modo, estos terceros pueden almacenar Cookies enviadas desde los Servicios de la Web procedentes de los navegadores de los Usuarios, as\u00ed como acceder a los datos que en<\/p><p>ellas se guardan. Weborama:http:\/\/www.weborama.com\/e-privacy\/our-commitment\/<\/p><p>\u00bfC\u00f3mo deshabilitar las Cookies?<\/p><p>Normalmente es posible dejar de aceptar las Cookies del navegador, o dejar de aceptar las Cookies de un Servicio en particular. Todos los navegadores modernos permiten cambiar la configuraci\u00f3n de Cookies. Estos ajustes normalmente se encuentran en las \u0308opciones \u0308 o \u0308preferencias \u0308 del men\u00fa de su navegador. Asimismo, puede configurar su navegador o su gestor de correo electr\u00f3nico, as\u00ed como instalar complementos gratuitos para evitar que se descarguen los Web Bugs al abrir un email.<\/p><p>La Web ofrece orientaci\u00f3n al Usuario sobre los pasos para acceder al men\u00fa de configuraci\u00f3n de las cookies y, en su caso, de la navegaci\u00f3n privada en cada uno de los navegadores principales:<\/p><p>Internet Explorer: Herramientas &#8211; &gt; Opciones de Internet &#8211; &gt;<\/p><p>Privacidad &#8211; &gt; Configuraci\u00f3n.<\/p><p>Para m\u00e1s informaci\u00f3n, puede consultar el soporte de Microsoft o la Ayuda del navegador.<\/p><p>Firefox: Herramientas &#8211; &gt; Opciones &#8211; &gt; Privacidad &#8211; &gt; Historial &#8211; &gt;<\/p><p>Configuraci\u00f3n personalizada.<\/p><p>Chrome: Configuraci\u00f3n &#8211; &gt; Mostrar opciones avanzadas &#8211; &gt;<\/p><p>Privacidad &#8211; &gt; Configuraci\u00f3n de contenido.<\/p><p>Safari: Preferencias &#8211; &gt; Seguridad.<\/p><p>Para m\u00e1s informaci\u00f3n, puede consultar el soporte de Apple o la Ayuda del navegador.<\/p><p>\u00bfSe pueden producir modificaciones de la Pol\u00edtica de Cookies?<\/p><p>La Web puede modificar esta Pol\u00edtica de Cookies en funci\u00f3n de las exigencias legislativas, reglamentarias, o con la finalidad de adaptar dicha pol\u00edtica a las instrucciones dictadas por la Agencia Espa\u00f1ola de Protecci\u00f3n de Datos, por ello se aconseja a los usuarios que la visiten peri\u00f3dicamente.<\/p><p>Cuando se produzcan cambios significativos en esta Pol\u00edtica de Cookies, se comunicar\u00e1n a los usuarios bien mediante la web o a trav\u00e9s de correo electr\u00f3nico a los usuarios registrados.<span style=\"color: #001d35; font-family: 'Google Sans', Arial, sans-serif; font-size: 18px;\">\u00a028803<\/span><\/p>\t\t\t\t\t\t\t\t<\/div>\n\t\t\t\t<\/div>\n\t\t\t\t\t<\/div>\n\t\t<\/div>\n\t\t\t\t\t<\/div>\n\t\t<\/section>\n\t\t\t\t<\/div>\n\t\t","protected":false},"excerpt":{"rendered":"<p>AVISO LEGAL: TITULAR: JUAN DIEGO OLIVA GARCIA | CIF: 53015450J | DOMICILIO SOCIAL: Calle Torrelaguna, 23, 28803, Alcal\u00e1 de Henares, MADRID | CONTACTO: cuadrosoliva@cuadrosoliva.es POL\u00cdTICA DE PRIVACIDAD Siguiendo los principios de licitud, lealtad y transparencia, ponemos a su disposici\u00f3n la presente Pol\u00edtica de Privacidad. \u00bfQui\u00e9n es el Responsable del tratamiento de sus datos? JUAN DIEGO [&hellip;]<\/p>\n","protected":false},"author":1,"featured_media":0,"parent":0,"menu_order":0,"comment_status":"closed","ping_status":"closed","template":"","meta":{"footnotes":""},"class_list":["post-2243","page","type-page","status-publish","hentry"],"aioseo_notices":[],"_links":{"self":[{"href":"https:\/\/www.cuadrosoliva.es\/wpcuadrosoliva\/wp-json\/wp\/v2\/pages\/2243","targetHints":{"allow":["GET"]}}],"collection":[{"href":"https:\/\/www.cuadrosoliva.es\/wpcuadrosoliva\/wp-json\/wp\/v2\/pages"}],"about":[{"href":"https:\/\/www.cuadrosoliva.es\/wpcuadrosoliva\/wp-json\/wp\/v2\/types\/page"}],"author":[{"embeddable":true,"href":"https:\/\/www.cuadrosoliva.es\/wpcuadrosoliva\/wp-json\/wp\/v2\/users\/1"}],"replies":[{"embeddable":true,"href":"https:\/\/www.cuadrosoliva.es\/wpcuadrosoliva\/wp-json\/wp\/v2\/comments?post=2243"}],"version-history":[{"count":14,"href":"https:\/\/www.cuadrosoliva.es\/wpcuadrosoliva\/wp-json\/wp\/v2\/pages\/2243\/revisions"}],"predecessor-version":[{"id":3215,"href":"https:\/\/www.cuadrosoliva.es\/wpcuadrosoliva\/wp-json\/wp\/v2\/pages\/2243\/revisions\/3215"}],"wp:attachment":[{"href":"https:\/\/www.cuadrosoliva.es\/wpcuadrosoliva\/wp-json\/wp\/v2\/media?parent=2243"}],"curies":[{"name":"wp","href":"https:\/\/api.w.org\/{rel}","templated":true}]}}