{"id":1862,"date":"2016-07-30T08:55:06","date_gmt":"2016-07-30T08:55:06","guid":{"rendered":"http:\/\/www.cuadrosoliva.es\/wpcuadrosoliva\/?page_id=1862"},"modified":"2025-10-02T08:54:30","modified_gmt":"2025-10-02T08:54:30","slug":"tienda-de-bellas-artes","status":"publish","type":"page","link":"https:\/\/www.cuadrosoliva.es\/wpcuadrosoliva\/tienda-de-bellas-artes\/","title":{"rendered":"TIENDA DE BELLAS ARTES Y MOLDURAS."},"content":{"rendered":"\t\t<div data-elementor-type=\"wp-page\" data-elementor-id=\"1862\" class=\"elementor elementor-1862\" data-elementor-post-type=\"page\">\n\t\t\t\t\t\t<section class=\"elementor-section elementor-top-section elementor-element elementor-element-1a8951ee elementor-hidden-mobile elementor-section-boxed elementor-section-height-default elementor-section-height-default\" data-id=\"1a8951ee\" data-element_type=\"section\" data-e-type=\"section\">\n\t\t\t\t\t\t<div class=\"elementor-container elementor-column-gap-default\">\n\t\t\t\t\t<div class=\"elementor-column elementor-col-100 elementor-top-column elementor-element elementor-element-7a0a084b\" data-id=\"7a0a084b\" data-element_type=\"column\" data-e-type=\"column\">\n\t\t\t<div class=\"elementor-widget-wrap elementor-element-populated\">\n\t\t\t\t\t\t<div class=\"elementor-element elementor-element-c539beb elementor-widget elementor-widget-heading\" data-id=\"c539beb\" data-element_type=\"widget\" data-e-type=\"widget\" data-widget_type=\"heading.default\">\n\t\t\t\t<div class=\"elementor-widget-container\">\n\t\t\t\t\t<h2 class=\"elementor-heading-title elementor-size-default\">Tienda de Bellas Artes y Molduras<\/h2>\t\t\t\t<\/div>\n\t\t\t\t<\/div>\n\t\t\t\t<div class=\"elementor-element elementor-element-6a6ea519 elementor-widget elementor-widget-text-editor\" data-id=\"6a6ea519\" data-element_type=\"widget\" data-e-type=\"widget\" data-widget_type=\"text-editor.default\">\n\t\t\t\t<div class=\"elementor-widget-container\">\n\t\t\t\t\t\t\t\t\t<p>En Alcal\u00e1 de Henares.<\/p><p>Tenemos todo tipo de material de Bellas Artes de calidad.<\/p><p>Si no lo tenemos en el momento te lo conseguimos.<\/p><p>Lienzos de todas las medidas.<\/p><p>Marcos a medida.<\/p><p>Ma\u00f1anas 9:00 a 13:30<\/p><p>Tardes 16:30 a 21:00<\/p><p>Para m\u00e1s informaci\u00f3n y pedidos contactar con el correo electr\u00f3nico.<u><\/u><\/p><p><strong>cuadrosoliva@cuadrosoliva.es<\/strong><\/p><p>Telefono: 912657268 \/ 610667491.<\/p>\t\t\t\t\t\t\t\t<\/div>\n\t\t\t\t<\/div>\n\t\t\t\t<div class=\"elementor-element elementor-element-1afd054 elementor--h-position-center elementor--v-position-middle elementor-arrows-position-inside elementor-pagination-position-inside elementor-widget elementor-widget-slides\" data-id=\"1afd054\" data-element_type=\"widget\" data-e-type=\"widget\" data-settings=\"{&quot;navigation&quot;:&quot;both&quot;,&quot;autoplay&quot;:&quot;yes&quot;,&quot;pause_on_hover&quot;:&quot;yes&quot;,&quot;pause_on_interaction&quot;:&quot;yes&quot;,&quot;autoplay_speed&quot;:5000,&quot;infinite&quot;:&quot;yes&quot;,&quot;transition&quot;:&quot;slide&quot;,&quot;transition_speed&quot;:500}\" data-widget_type=\"slides.default\">\n\t\t\t\t<div class=\"elementor-widget-container\">\n\t\t\t\t\t\t\t\t\t<div class=\"elementor-swiper\">\n\t\t\t\t\t<div class=\"elementor-slides-wrapper elementor-main-swiper swiper\" role=\"region\" aria-roledescription=\"carousel\" aria-label=\"Diapositivas\" dir=\"ltr\" data-animation=\"fadeInUp\">\n\t\t\t\t<div class=\"swiper-wrapper elementor-slides\">\n\t\t\t\t\t\t\t\t\t\t<div class=\"elementor-repeater-item-220fb34 swiper-slide\" role=\"group\" aria-roledescription=\"slide\"><div class=\"swiper-slide-bg elementor-ken-burns elementor-ken-burns--in\" role=\"img\" aria-label=\"marcos_cuadros\"><\/div><a class=\"swiper-slide-inner\" href=\"https:\/\/www.cuadrosoliva.es\/wpcuadrosoliva\/contacto\/\"><div class=\"swiper-slide-contents\"><div class=\"elementor-slide-heading\">Molduras<\/div><div  class=\"elementor-button elementor-slide-button elementor-size-sm\">Contactar<\/div><\/div><\/a><\/div><div class=\"elementor-repeater-item-83c8977 swiper-slide\" role=\"group\" aria-roledescription=\"slide\"><div class=\"swiper-slide-bg elementor-ken-burns elementor-ken-burns--in\" role=\"img\" aria-label=\"DSC01946\"><\/div><a class=\"swiper-slide-inner\" href=\"https:\/\/www.cuadrosoliva.es\/wpcuadrosoliva\/contacto\/\"><div class=\"swiper-slide-contents\"><div class=\"elementor-slide-heading\">Material de Bellas Artes<\/div><div  class=\"elementor-button elementor-slide-button elementor-size-sm\">CONTACTAR<\/div><\/div><\/a><\/div>\t\t\t\t<\/div>\n\t\t\t\t\t\t\t\t\t\t\t\t\t\t\t<div class=\"elementor-swiper-button elementor-swiper-button-prev\" role=\"button\" tabindex=\"0\" aria-label=\"Diapositiva anterior\">\n\t\t\t\t\t\t\t<i aria-hidden=\"true\" class=\"eicon-chevron-left\"><\/i>\t\t\t\t\t\t<\/div>\n\t\t\t\t\t\t<div class=\"elementor-swiper-button elementor-swiper-button-next\" role=\"button\" tabindex=\"0\" aria-label=\"Diapositiva siguiente\">\n\t\t\t\t\t\t\t<i aria-hidden=\"true\" class=\"eicon-chevron-right\"><\/i>\t\t\t\t\t\t<\/div>\n\t\t\t\t\t\t\t\t\t\t\t\t\t\t\t\t<div class=\"swiper-pagination\"><\/div>\n\t\t\t\t\t\t\t\t\t\t\t\t<\/div>\n\t\t\t\t<\/div>\n\t\t\t\t\t\t\t\t<\/div>\n\t\t\t\t<\/div>\n\t\t\t\t\t<\/div>\n\t\t<\/div>\n\t\t\t\t\t<\/div>\n\t\t<\/section>\n\t\t\t\t<section class=\"elementor-section elementor-top-section elementor-element elementor-element-574db86 elementor-section-boxed elementor-section-height-default elementor-section-height-default\" data-id=\"574db86\" data-element_type=\"section\" data-e-type=\"section\">\n\t\t\t\t\t\t<div class=\"elementor-container elementor-column-gap-default\">\n\t\t\t\t\t<div class=\"elementor-column elementor-col-100 elementor-top-column elementor-element elementor-element-e3c99e9\" data-id=\"e3c99e9\" data-element_type=\"column\" data-e-type=\"column\">\n\t\t\t<div class=\"elementor-widget-wrap elementor-element-populated\">\n\t\t\t\t\t\t<div class=\"elementor-element elementor-element-89d76c7 elementor-hidden-desktop elementor-hidden-tablet elementor-widget elementor-widget-heading\" data-id=\"89d76c7\" data-element_type=\"widget\" data-e-type=\"widget\" data-widget_type=\"heading.default\">\n\t\t\t\t<div class=\"elementor-widget-container\">\n\t\t\t\t\t<h2 class=\"elementor-heading-title elementor-size-default\">Tienda de Bellas Artes y Molduras<\/h2>\t\t\t\t<\/div>\n\t\t\t\t<\/div>\n\t\t\t\t<div class=\"elementor-element elementor-element-547c287 elementor-hidden-desktop elementor-hidden-tablet elementor-widget elementor-widget-text-editor\" data-id=\"547c287\" data-element_type=\"widget\" data-e-type=\"widget\" data-widget_type=\"text-editor.default\">\n\t\t\t\t<div class=\"elementor-widget-container\">\n\t\t\t\t\t\t\t\t\t<p>En Alcal\u00e1 de Henares.<\/p><p>Tenemos todo tipo de material de Bellas Artes de calidad.<\/p><p>Si no lo tenemos en el momento te lo conseguimos.<\/p><p>Lienzos de todas las medidas.<\/p><p>Marcos a medida.<\/p><p>Ma\u00f1anas 9:00 a 13:30<\/p><p>Tardes 16:30 a 21:00<\/p><p>Para m\u00e1s informaci\u00f3n y pedidos contactar con el correo electr\u00f3nico.<u><\/u><\/p><p><strong>cuadrosoliva@cuadrosoliva.es<\/strong><\/p><p>Telefono: 912657268 \/ 610667491.<\/p>\t\t\t\t\t\t\t\t<\/div>\n\t\t\t\t<\/div>\n\t\t\t\t<div class=\"elementor-element elementor-element-4587a13 elementor-hidden-desktop elementor-hidden-tablet elementor--h-position-center elementor--v-position-middle elementor-arrows-position-inside elementor-pagination-position-inside elementor-widget elementor-widget-slides\" data-id=\"4587a13\" data-element_type=\"widget\" data-e-type=\"widget\" data-settings=\"{&quot;navigation&quot;:&quot;both&quot;,&quot;autoplay&quot;:&quot;yes&quot;,&quot;pause_on_hover&quot;:&quot;yes&quot;,&quot;pause_on_interaction&quot;:&quot;yes&quot;,&quot;autoplay_speed&quot;:5000,&quot;infinite&quot;:&quot;yes&quot;,&quot;transition&quot;:&quot;slide&quot;,&quot;transition_speed&quot;:500}\" data-widget_type=\"slides.default\">\n\t\t\t\t<div class=\"elementor-widget-container\">\n\t\t\t\t\t\t\t\t\t<div class=\"elementor-swiper\">\n\t\t\t\t\t<div class=\"elementor-slides-wrapper elementor-main-swiper swiper\" role=\"region\" aria-roledescription=\"carousel\" aria-label=\"Diapositivas\" dir=\"ltr\" data-animation=\"fadeInUp\">\n\t\t\t\t<div class=\"swiper-wrapper elementor-slides\">\n\t\t\t\t\t\t\t\t\t\t<div class=\"elementor-repeater-item-220fb34 swiper-slide\" role=\"group\" aria-roledescription=\"slide\"><div class=\"swiper-slide-bg elementor-ken-burns elementor-ken-burns--in\" role=\"img\" aria-label=\"marcos_cuadros\"><\/div><a class=\"swiper-slide-inner\" href=\"https:\/\/www.cuadrosoliva.es\/wpcuadrosoliva\/contacto\/\"><div class=\"swiper-slide-contents\"><div class=\"elementor-slide-heading\">Molduras<\/div><div  class=\"elementor-button elementor-slide-button elementor-size-sm\">Contactar<\/div><\/div><\/a><\/div><div class=\"elementor-repeater-item-83c8977 swiper-slide\" role=\"group\" aria-roledescription=\"slide\"><div class=\"swiper-slide-bg elementor-ken-burns elementor-ken-burns--in\" role=\"img\" aria-label=\"DSC01946\"><\/div><a class=\"swiper-slide-inner\" href=\"https:\/\/www.cuadrosoliva.es\/wpcuadrosoliva\/contacto\/\"><div class=\"swiper-slide-contents\"><div class=\"elementor-slide-heading\">Material de Bellas Artes<\/div><div  class=\"elementor-button elementor-slide-button elementor-size-sm\">CONTACTAR<\/div><\/div><\/a><\/div>\t\t\t\t<\/div>\n\t\t\t\t\t\t\t\t\t\t\t\t\t\t\t<div class=\"elementor-swiper-button elementor-swiper-button-prev\" role=\"button\" tabindex=\"0\" aria-label=\"Diapositiva anterior\">\n\t\t\t\t\t\t\t<i aria-hidden=\"true\" class=\"eicon-chevron-left\"><\/i>\t\t\t\t\t\t<\/div>\n\t\t\t\t\t\t<div class=\"elementor-swiper-button elementor-swiper-button-next\" role=\"button\" tabindex=\"0\" aria-label=\"Diapositiva siguiente\">\n\t\t\t\t\t\t\t<i aria-hidden=\"true\" class=\"eicon-chevron-right\"><\/i>\t\t\t\t\t\t<\/div>\n\t\t\t\t\t\t\t\t\t\t\t\t\t\t\t\t<div class=\"swiper-pagination\"><\/div>\n\t\t\t\t\t\t\t\t\t\t\t\t<\/div>\n\t\t\t\t<\/div>\n\t\t\t\t\t\t\t\t<\/div>\n\t\t\t\t<\/div>\n\t\t\t\t\t<\/div>\n\t\t<\/div>\n\t\t\t\t\t<\/div>\n\t\t<\/section>\n\t\t\t\t<\/div>\n\t\t","protected":false},"excerpt":{"rendered":"<p>Tienda de Bellas Artes y Molduras En Alcal\u00e1 de Henares. Tenemos todo tipo de material de Bellas Artes de calidad. Si no lo tenemos en el momento te lo conseguimos. Lienzos de todas las medidas. Marcos a medida. Ma\u00f1anas 9:00 a 13:30 Tardes 16:30 a 21:00 Para m\u00e1s informaci\u00f3n y pedidos contactar con el correo [&hellip;]<\/p>\n","protected":false},"author":1,"featured_media":0,"parent":0,"menu_order":0,"comment_status":"closed","ping_status":"closed","template":"","meta":{"footnotes":""},"class_list":["post-1862","page","type-page","status-publish","hentry"],"aioseo_notices":[],"_links":{"self":[{"href":"https:\/\/www.cuadrosoliva.es\/wpcuadrosoliva\/wp-json\/wp\/v2\/pages\/1862","targetHints":{"allow":["GET"]}}],"collection":[{"href":"https:\/\/www.cuadrosoliva.es\/wpcuadrosoliva\/wp-json\/wp\/v2\/pages"}],"about":[{"href":"https:\/\/www.cuadrosoliva.es\/wpcuadrosoliva\/wp-json\/wp\/v2\/types\/page"}],"author":[{"embeddable":true,"href":"https:\/\/www.cuadrosoliva.es\/wpcuadrosoliva\/wp-json\/wp\/v2\/users\/1"}],"replies":[{"embeddable":true,"href":"https:\/\/www.cuadrosoliva.es\/wpcuadrosoliva\/wp-json\/wp\/v2\/comments?post=1862"}],"version-history":[{"count":43,"href":"https:\/\/www.cuadrosoliva.es\/wpcuadrosoliva\/wp-json\/wp\/v2\/pages\/1862\/revisions"}],"predecessor-version":[{"id":3248,"href":"https:\/\/www.cuadrosoliva.es\/wpcuadrosoliva\/wp-json\/wp\/v2\/pages\/1862\/revisions\/3248"}],"wp:attachment":[{"href":"https:\/\/www.cuadrosoliva.es\/wpcuadrosoliva\/wp-json\/wp\/v2\/media?parent=1862"}],"curies":[{"name":"wp","href":"https:\/\/api.w.org\/{rel}","templated":true}]}}